{"id":252,"date":"2024-11-16T21:43:31","date_gmt":"2024-11-16T20:43:31","guid":{"rendered":"https:\/\/yessalguieditions.com\/?page_id=252"},"modified":"2025-02-16T19:46:46","modified_gmt":"2025-02-16T18:46:46","slug":"qui-sommes-nous","status":"publish","type":"page","link":"https:\/\/yessalguieditions.com\/?page_id=252","title":{"rendered":"Qui sommes-nous ?"},"content":{"rendered":"\t\t<div data-elementor-type=\"wp-page\" data-elementor-id=\"252\" class=\"elementor elementor-252\">\n\t\t\t\t<div class=\"elementor-element elementor-element-be1cebf e-grid e-con-full wpr-particle-no wpr-jarallax-no wpr-parallax-no wpr-sticky-section-no e-con e-parent\" data-id=\"be1cebf\" data-element_type=\"container\" data-e-type=\"container\" data-settings=\"{&quot;background_background&quot;:&quot;classic&quot;}\">\n\t\t<div class=\"elementor-element elementor-element-d8aebff e-grid e-con-full wpr-particle-no wpr-jarallax-no wpr-parallax-no wpr-sticky-section-no e-con e-child\" data-id=\"d8aebff\" data-element_type=\"container\" data-e-type=\"container\">\n\t\t\t\t<div class=\"elementor-element elementor-element-860d6e3 elementor-widget elementor-widget-text-editor\" data-id=\"860d6e3\" data-element_type=\"widget\" data-e-type=\"widget\" data-widget_type=\"text-editor.default\">\n\t\t\t\t<div class=\"elementor-widget-container\">\n\t\t\t\t\t\t\t\t\t<p>Bienvenue chez Yessalgui \u00c9DITIONS, une maison d\u2019\u00e9dition d\u00e9di\u00e9e \u00e0 la spiritualit\u00e9, au d\u00e9veloppement personnel et \u00e0 la transmission des valeurs intemporelles. Fond\u00e9e avec l\u2019ambition de nourrir l\u2019\u00e2me et d\u2019\u00e9veiller l\u2019esprit, nous croyons que les mots ont le pouvoir de transformer, d\u2019inspirer et de guider. Nos livres sont des compagnons pour les chercheurs de lumi\u00e8re et les artisans de la r\u00e9silience.<\/p>\t\t\t\t\t\t\t\t<\/div>\n\t\t\t\t<\/div>\n\t\t<div class=\"elementor-element elementor-element-1572522 e-grid e-con-full wpr-particle-no wpr-jarallax-no wpr-parallax-no wpr-sticky-section-no e-con e-child\" data-id=\"1572522\" data-element_type=\"container\" data-e-type=\"container\">\n\t\t\t\t<div class=\"elementor-element elementor-element-c3a82ea elementor-widget elementor-widget-text-editor\" data-id=\"c3a82ea\" data-element_type=\"widget\" data-e-type=\"widget\" data-widget_type=\"text-editor.default\">\n\t\t\t\t<div class=\"elementor-widget-container\">\n\t\t\t\t\t\t\t\t\t<p>Chez Yessalgui \u00c9DITIONS, nous poursuivons une mission claire :<\/p><ul><li>Mettre en lumi\u00e8re des \u0153uvres litt\u00e9raires qui inspirent la r\u00e9flexion et la croissance int\u00e9rieure.<\/li><li>Promouvoir les enseignements et les valeurs universelles, en mettant un accent particulier sur l\u2019h\u00e9ritage spirituel du mouridisme et les \u00e9crits de Cheikh Ahmadou Bamba.<\/li><li>Offrir une plateforme aux auteurs qui partagent notre vision d\u2019un monde plus spirituel et \u00e9clair\u00e9.<\/li><\/ul>\t\t\t\t\t\t\t\t<\/div>\n\t\t\t\t<\/div>\n\t\t\t\t<div class=\"elementor-element elementor-element-9088757 elementor-widget elementor-widget-text-editor\" data-id=\"9088757\" data-element_type=\"widget\" data-e-type=\"widget\" data-widget_type=\"text-editor.default\">\n\t\t\t\t<div class=\"elementor-widget-container\">\n\t\t\t\t\t\t\t\t\t<h4><strong>Nos valeurs :<\/strong><\/h4><ol><li><strong>Spiritualit\u00e9<\/strong> : Nous nous appuyons sur des principes qui \u00e9l\u00e8vent l\u2019\u00e2me et connectent les lecteurs \u00e0 des v\u00e9rit\u00e9s universelles.<\/li><li><strong>\u00c9ducation<\/strong> : L\u2019apprentissage est au c\u0153ur de tout ce que nous faisons, car nous croyons en la puissance du savoir.<\/li><li><strong>Communaut\u00e9<\/strong> : Yessalgui \u00c9DITIONS est un espace de partage, d\u2019entraide et de transmission culturelle et spirituelle.<\/li><\/ol>\t\t\t\t\t\t\t\t<\/div>\n\t\t\t\t<\/div>\n\t\t\t\t<\/div>\n\t\t\t\t<\/div>\n\t\t<div class=\"elementor-element elementor-element-b40f431 e-grid e-con-boxed wpr-particle-no wpr-jarallax-no wpr-parallax-no wpr-sticky-section-no e-con e-child\" data-id=\"b40f431\" data-element_type=\"container\" data-e-type=\"container\">\n\t\t\t\t\t<div class=\"e-con-inner\">\n\t\t\t\t<div class=\"elementor-element elementor-element-da9405b elementor-widget elementor-widget-video\" data-id=\"da9405b\" data-element_type=\"widget\" data-e-type=\"widget\" data-settings=\"{&quot;video_type&quot;:&quot;hosted&quot;,&quot;autoplay&quot;:&quot;yes&quot;,&quot;play_on_mobile&quot;:&quot;yes&quot;,&quot;loop&quot;:&quot;yes&quot;,&quot;controls&quot;:&quot;yes&quot;}\" data-widget_type=\"video.default\">\n\t\t\t\t<div class=\"elementor-widget-container\">\n\t\t\t\t\t\t\t<div class=\"e-hosted-video elementor-wrapper elementor-open-inline\">\n\t\t\t\t\t<video class=\"elementor-video\" src=\"https:\/\/yessalguieditions.com\/wp-content\/uploads\/2025\/01\/bon-yessalgui-editions.mp4\" autoplay=\"\" loop=\"\" controls=\"\" playsinline=\"\"><\/video>\n\t\t\t\t<\/div>\n\t\t\t\t\t\t<\/div>\n\t\t\t\t<\/div>\n\t\t\t\t<div class=\"elementor-element elementor-element-67bb836 elementor-widget elementor-widget-text-editor\" data-id=\"67bb836\" data-element_type=\"widget\" data-e-type=\"widget\" data-widget_type=\"text-editor.default\">\n\t\t\t\t<div class=\"elementor-widget-container\">\n\t\t\t\t\t\t\t\t\t<p>Fondatrice de Yessalgui \u00c9ditions, Mame Bousso Thiam est charg\u00e9e d\u2019\u00e9tudes statistiques et marketing, ainsi que professeure de math\u00e9matiques. Originaire du S\u00e9n\u00e9gal et install\u00e9e en France pour ses \u00e9tudes sup\u00e9rieures, elle a toujours eu \u00e0 c\u0153ur de transmettre \u00e0 ses enfants l\u2019amour de Serigne Touba et les valeurs de l\u2019\u00e9ducation mouride qui l\u2019ont fa\u00e7onn\u00e9e.<\/p><p>Sa d\u00e9couverte approfondie du mouridisme, notamment \u00e0 travers l\u2019enseignement de Serigne B\u00e9thio Thioune et la richesse spirituelle du Thiant, a renforc\u00e9 son d\u00e9sir de partager ces tr\u00e9sors avec un plus large public. C\u2019est cette qu\u00eate de transmission qui l\u2019a pouss\u00e9e \u00e0 \u00e9crire son premier livre avec ses enfants, et \u00e0 fonder Yessalgui \u00c9ditions, une maison d\u00e9di\u00e9e \u00e0 la diffusion de r\u00e9cits porteurs de sens et d\u2019\u00e9veil spirituel.<\/p>\t\t\t\t\t\t\t\t<\/div>\n\t\t\t\t<\/div>\n\t\t\t\t\t<\/div>\n\t\t\t\t<\/div>\n\t\t<div class=\"elementor-element elementor-element-e6cdec0 e-grid e-con-full wpr-particle-no wpr-jarallax-no wpr-parallax-no wpr-sticky-section-no e-con e-child\" data-id=\"e6cdec0\" data-element_type=\"container\" data-e-type=\"container\">\n\t\t\t\t<div class=\"elementor-element elementor-element-6f1319e elementor-widget elementor-widget-text-editor\" data-id=\"6f1319e\" data-element_type=\"widget\" data-e-type=\"widget\" data-widget_type=\"text-editor.default\">\n\t\t\t\t<div class=\"elementor-widget-container\">\n\t\t\t\t\t\t\t\t\t<h3><strong>Que proposons-nous ?<\/strong><\/h3><ul><li><strong>Des collections inspirantes<\/strong> : Nos ouvrages couvrent des th\u00e8mes tels que la spiritualit\u00e9, les Khassa\u00efdes, le d\u00e9veloppement personnel, et des livres \u00e9ducatifs pour enfants.<\/li><li><strong>Une boutique en ligne<\/strong> : Une s\u00e9lection de livres disponibles \u00e0 l&rsquo;achat, avec des options de livraison adapt\u00e9es.<\/li><li><strong>Un espace pour les auteurs<\/strong> : Nous accueillons des manuscrits et accompagnons les auteurs dans leur d\u00e9marche \u00e9ditoriale.<\/li><\/ul>\t\t\t\t\t\t\t\t<\/div>\n\t\t\t\t<\/div>\n\t\t\t\t<div class=\"elementor-element elementor-element-36f9213 elementor-widget elementor-widget-text-editor\" data-id=\"36f9213\" data-element_type=\"widget\" data-e-type=\"widget\" data-widget_type=\"text-editor.default\">\n\t\t\t\t<div class=\"elementor-widget-container\">\n\t\t\t\t\t\t\t\t\t<h4><strong>Une inspiration : Cheikh Ahmadou Bamba<\/strong><\/h4><p>\u00ab\u00a0Les Khassa\u00efdes et les enseignements de Cheikh Ahmadou Bamba sont une source inestimable d\u2019inspiration pour notre travail. Ils nous rappellent que la foi, la r\u00e9silience, et la qu\u00eate de sens sont des outils puissants pour traverser les d\u00e9fis de la vie.\u00a0\u00bb<\/p>\t\t\t\t\t\t\t\t<\/div>\n\t\t\t\t<\/div>\n\t\t\t\t<\/div>\n\t\t<div class=\"elementor-element elementor-element-807f9ce e-grid e-con-full wpr-particle-no wpr-jarallax-no wpr-parallax-no wpr-sticky-section-no e-con e-child\" data-id=\"807f9ce\" data-element_type=\"container\" data-e-type=\"container\">\n\t\t\t\t<div class=\"elementor-element elementor-element-5b88bf0 elementor-widget elementor-widget-text-editor\" data-id=\"5b88bf0\" data-element_type=\"widget\" data-e-type=\"widget\" data-widget_type=\"text-editor.default\">\n\t\t\t\t<div class=\"elementor-widget-container\">\n\t\t\t\t\t\t\t\t\t<h4><strong>Rejoignez-nous<\/strong><\/h4><p>Que vous soyez un lecteur passionn\u00e9, un auteur visionnaire ou simplement curieux, Yessalgui \u00c9DITIONS est votre maison. Ensemble, continuons \u00e0 nourrir les esprits et les c\u0153urs, un livre \u00e0 la fois.<\/p>\t\t\t\t\t\t\t\t<\/div>\n\t\t\t\t<\/div>\n\t\t\t\t<\/div>\n\t\t\t\t<\/div>\n\t\t<div class=\"elementor-element elementor-element-24bd7c0 e-grid e-con-boxed wpr-particle-no wpr-jarallax-no wpr-parallax-no wpr-sticky-section-no e-con e-child\" data-id=\"24bd7c0\" data-element_type=\"container\" data-e-type=\"container\" data-settings=\"{&quot;background_background&quot;:&quot;classic&quot;}\">\n\t\t\t\t\t<div class=\"e-con-inner\">\n\t\t<div class=\"elementor-element elementor-element-8000d30 e-grid e-con-full wpr-particle-no wpr-jarallax-no wpr-parallax-no wpr-sticky-section-no e-con e-child\" data-id=\"8000d30\" data-element_type=\"container\" data-e-type=\"container\">\n\t\t\t\t<div class=\"elementor-element elementor-element-5617a34 elementor-widget elementor-widget-text-editor\" data-id=\"5617a34\" data-element_type=\"widget\" data-e-type=\"widget\" data-widget_type=\"text-editor.default\">\n\t\t\t\t<div class=\"elementor-widget-container\">\n\t\t\t\t\t\t\t\t\t<p><a rel=\"noopener\">contact@yessalguieditions.com<\/a><\/p>\t\t\t\t\t\t\t\t<\/div>\n\t\t\t\t<\/div>\n\t\t\t\t<div class=\"elementor-element elementor-element-623ba51 elementor-grid-mobile-1 e-grid-align-mobile-center e-grid-align-left elementor-shape-rounded elementor-grid-0 elementor-widget elementor-widget-social-icons\" data-id=\"623ba51\" data-element_type=\"widget\" data-e-type=\"widget\" data-widget_type=\"social-icons.default\">\n\t\t\t\t<div class=\"elementor-widget-container\">\n\t\t\t\t\t\t\t<div class=\"elementor-social-icons-wrapper elementor-grid\" role=\"list\">\n\t\t\t\t\t\t\t<span class=\"elementor-grid-item\" role=\"listitem\">\n\t\t\t\t\t<a class=\"elementor-icon elementor-social-icon elementor-social-icon-facebook elementor-repeater-item-d0b67d6\" href=\"https:\/\/www.facebook.com\/YessalguiEditions\" target=\"_blank\">\n\t\t\t\t\t\t<span class=\"elementor-screen-only\">Facebook<\/span>\n\t\t\t\t\t\t<svg aria-hidden=\"true\" class=\"e-font-icon-svg e-fab-facebook\" viewBox=\"0 0 512 512\" xmlns=\"http:\/\/www.w3.org\/2000\/svg\"><path d=\"M504 256C504 119 393 8 256 8S8 119 8 256c0 123.78 90.69 226.38 209.25 245V327.69h-63V256h63v-54.64c0-62.15 37-96.48 93.67-96.48 27.14 0 55.52 4.84 55.52 4.84v61h-31.28c-30.8 0-40.41 19.12-40.41 38.73V256h68.78l-11 71.69h-57.78V501C413.31 482.38 504 379.78 504 256z\"><\/path><\/svg>\t\t\t\t\t<\/a>\n\t\t\t\t<\/span>\n\t\t\t\t\t\t\t<span class=\"elementor-grid-item\" role=\"listitem\">\n\t\t\t\t\t<a class=\"elementor-icon elementor-social-icon elementor-social-icon-instagram elementor-repeater-item-39a6fd9\" href=\"https:\/\/www.instagram.com\/yessalgui_editions\/\" target=\"_blank\">\n\t\t\t\t\t\t<span class=\"elementor-screen-only\">Instagram<\/span>\n\t\t\t\t\t\t<svg aria-hidden=\"true\" class=\"e-font-icon-svg e-fab-instagram\" viewBox=\"0 0 448 512\" xmlns=\"http:\/\/www.w3.org\/2000\/svg\"><path d=\"M224.1 141c-63.6 0-114.9 51.3-114.9 114.9s51.3 114.9 114.9 114.9S339 319.5 339 255.9 287.7 141 224.1 141zm0 189.6c-41.1 0-74.7-33.5-74.7-74.7s33.5-74.7 74.7-74.7 74.7 33.5 74.7 74.7-33.6 74.7-74.7 74.7zm146.4-194.3c0 14.9-12 26.8-26.8 26.8-14.9 0-26.8-12-26.8-26.8s12-26.8 26.8-26.8 26.8 12 26.8 26.8zm76.1 27.2c-1.7-35.9-9.9-67.7-36.2-93.9-26.2-26.2-58-34.4-93.9-36.2-37-2.1-147.9-2.1-184.9 0-35.8 1.7-67.6 9.9-93.9 36.1s-34.4 58-36.2 93.9c-2.1 37-2.1 147.9 0 184.9 1.7 35.9 9.9 67.7 36.2 93.9s58 34.4 93.9 36.2c37 2.1 147.9 2.1 184.9 0 35.9-1.7 67.7-9.9 93.9-36.2 26.2-26.2 34.4-58 36.2-93.9 2.1-37 2.1-147.8 0-184.8zM398.8 388c-7.8 19.6-22.9 34.7-42.6 42.6-29.5 11.7-99.5 9-132.1 9s-102.7 2.6-132.1-9c-19.6-7.8-34.7-22.9-42.6-42.6-11.7-29.5-9-99.5-9-132.1s-2.6-102.7 9-132.1c7.8-19.6 22.9-34.7 42.6-42.6 29.5-11.7 99.5-9 132.1-9s102.7-2.6 132.1 9c19.6 7.8 34.7 22.9 42.6 42.6 11.7 29.5 9 99.5 9 132.1s2.7 102.7-9 132.1z\"><\/path><\/svg>\t\t\t\t\t<\/a>\n\t\t\t\t<\/span>\n\t\t\t\t\t\t\t<span class=\"elementor-grid-item\" role=\"listitem\">\n\t\t\t\t\t<a class=\"elementor-icon elementor-social-icon elementor-social-icon-tiktok elementor-repeater-item-2495aa3\" href=\"https:\/\/www.tiktok.com\/@yessalgui_editions\" target=\"_blank\">\n\t\t\t\t\t\t<span class=\"elementor-screen-only\">Tiktok<\/span>\n\t\t\t\t\t\t<svg aria-hidden=\"true\" class=\"e-font-icon-svg e-fab-tiktok\" viewBox=\"0 0 448 512\" xmlns=\"http:\/\/www.w3.org\/2000\/svg\"><path d=\"M448,209.91a210.06,210.06,0,0,1-122.77-39.25V349.38A162.55,162.55,0,1,1,185,188.31V278.2a74.62,74.62,0,1,0,52.23,71.18V0l88,0a121.18,121.18,0,0,0,1.86,22.17h0A122.18,122.18,0,0,0,381,102.39a121.43,121.43,0,0,0,67,20.14Z\"><\/path><\/svg>\t\t\t\t\t<\/a>\n\t\t\t\t<\/span>\n\t\t\t\t\t\t\t<span class=\"elementor-grid-item\" role=\"listitem\">\n\t\t\t\t\t<a class=\"elementor-icon elementor-social-icon elementor-social-icon-icon-youtube elementor-repeater-item-8904e38\" href=\"https:\/\/www.youtube.com\/channel\/UCl6xWhKb_dTXMZyeJkqQOMA\" target=\"_blank\">\n\t\t\t\t\t\t<span class=\"elementor-screen-only\">Icon-youtube<\/span>\n\t\t\t\t\t\t<i aria-hidden=\"true\" class=\"icon icon-youtube\"><\/i>\t\t\t\t\t<\/a>\n\t\t\t\t<\/span>\n\t\t\t\t\t<\/div>\n\t\t\t\t\t\t<\/div>\n\t\t\t\t<\/div>\n\t\t\t\t<\/div>\n\t\t<div class=\"elementor-element elementor-element-9f9d2d8 e-grid e-con-full wpr-particle-no wpr-jarallax-no wpr-parallax-no wpr-sticky-section-no e-con e-child\" data-id=\"9f9d2d8\" data-element_type=\"container\" data-e-type=\"container\">\n\t\t\t\t<div class=\"elementor-element elementor-element-b173a29 elementor-widget elementor-widget-text-editor\" data-id=\"b173a29\" data-element_type=\"widget\" data-e-type=\"widget\" data-widget_type=\"text-editor.default\">\n\t\t\t\t<div class=\"elementor-widget-container\">\n\t\t\t\t\t\t\t\t\t<p>Yessalgui Editions \u00a9 2025 \u2013 <strong><a class=\"row-title\" href=\"https:\/\/yessalguieditions.com\/?page_id=3\" aria-label=\"\u00ab\u00a0Politique de confidentialit\u00e9\u00a0\u00bb (Modifier)\">Politique de confidentialit\u00e9\u00a0<\/a><\/strong> <br \/>Tous droits r\u00e9serv\u00e9s \u2013 Site r\u00e9alis\u00e9 par <a href=\"https:\/\/www.artizlabs.com\/\" target=\"_blank\" rel=\"noopener\">ArtizLabs<\/a><\/p>\t\t\t\t\t\t\t\t<\/div>\n\t\t\t\t<\/div>\n\t\t\t\t<\/div>\n\t\t\t\t\t<\/div>\n\t\t\t\t<\/div>\n\t\t\t\t<\/div>\n\t\t","protected":false},"excerpt":{"rendered":"<p>Bienvenue chez Yessalgui \u00c9DITIONS, une maison d\u2019\u00e9dition d\u00e9di\u00e9e \u00e0 la spiritualit\u00e9, au d\u00e9veloppement personnel et \u00e0 la transmission des valeurs intemporelles. Fond\u00e9e avec l\u2019ambition de nourrir l\u2019\u00e2me et d\u2019\u00e9veiller l\u2019esprit, nous croyons que les mots ont le pouvoir de transformer, d\u2019inspirer et de guider. Nos livres sont des compagnons pour les chercheurs de lumi\u00e8re et les artisans de la r\u00e9silience. Chez Yessalgui \u00c9DITIONS, nous poursuivons une mission claire : Mettre en lumi\u00e8re des \u0153uvres litt\u00e9raires qui inspirent la r\u00e9flexion et la croissance int\u00e9rieure. Promouvoir les enseignements et les valeurs universelles, en mettant un accent particulier sur l\u2019h\u00e9ritage spirituel du mouridisme et les \u00e9crits de Cheikh Ahmadou Bamba. Offrir une plateforme aux auteurs qui partagent notre vision d\u2019un monde plus spirituel et \u00e9clair\u00e9. Nos valeurs : Spiritualit\u00e9 : Nous nous appuyons sur des principes qui \u00e9l\u00e8vent l\u2019\u00e2me et connectent les lecteurs \u00e0 des v\u00e9rit\u00e9s universelles. \u00c9ducation : L\u2019apprentissage est au c\u0153ur de tout ce que nous faisons, car nous croyons en la puissance du savoir. Communaut\u00e9 : Yessalgui \u00c9DITIONS est un espace de partage, d\u2019entraide et de transmission culturelle et spirituelle. https:\/\/yessalguieditions.com\/wp-content\/uploads\/2025\/01\/bon-yessalgui-editions.mp4 Fondatrice de Yessalgui \u00c9ditions, Mame Bousso Thiam est charg\u00e9e d\u2019\u00e9tudes statistiques et marketing, ainsi que professeure de math\u00e9matiques. Originaire du S\u00e9n\u00e9gal et install\u00e9e en France pour ses \u00e9tudes sup\u00e9rieures, elle a toujours eu \u00e0 c\u0153ur de transmettre \u00e0 ses enfants l\u2019amour de Serigne Touba et les valeurs de l\u2019\u00e9ducation mouride qui l\u2019ont fa\u00e7onn\u00e9e. Sa d\u00e9couverte approfondie du mouridisme, notamment \u00e0 travers l\u2019enseignement de Serigne B\u00e9thio Thioune et la richesse spirituelle du Thiant, a renforc\u00e9 son d\u00e9sir de partager ces tr\u00e9sors avec un plus large public. C\u2019est cette qu\u00eate de transmission qui l\u2019a pouss\u00e9e \u00e0 \u00e9crire son premier livre avec ses enfants, et \u00e0 fonder Yessalgui \u00c9ditions, une maison d\u00e9di\u00e9e \u00e0 la diffusion de r\u00e9cits porteurs de sens et d\u2019\u00e9veil spirituel. Que proposons-nous ? Des collections inspirantes : Nos ouvrages couvrent des th\u00e8mes tels que la spiritualit\u00e9, les Khassa\u00efdes, le d\u00e9veloppement personnel, et des livres \u00e9ducatifs pour enfants. Une boutique en ligne : Une s\u00e9lection de livres disponibles \u00e0 l&rsquo;achat, avec des options de livraison adapt\u00e9es. Un espace pour les auteurs : Nous accueillons des manuscrits et accompagnons les auteurs dans leur d\u00e9marche \u00e9ditoriale. Une inspiration : Cheikh Ahmadou Bamba \u00ab\u00a0Les Khassa\u00efdes et les enseignements de Cheikh Ahmadou Bamba sont une source inestimable d\u2019inspiration pour notre travail. Ils nous rappellent que la foi, la r\u00e9silience, et la qu\u00eate de sens sont des outils puissants pour traverser les d\u00e9fis de la vie.\u00a0\u00bb Rejoignez-nous Que vous soyez un lecteur passionn\u00e9, un auteur visionnaire ou simplement curieux, Yessalgui \u00c9DITIONS est votre maison. Ensemble, continuons \u00e0 nourrir les esprits et les c\u0153urs, un livre \u00e0 la fois. contact@yessalguieditions.com Facebook Instagram Tiktok Icon-youtube Yessalgui Editions \u00a9 2025 \u2013 Politique de confidentialit\u00e9\u00a0 Tous droits r\u00e9serv\u00e9s \u2013 Site r\u00e9alis\u00e9 par ArtizLabs<\/p>\n","protected":false},"author":1,"featured_media":0,"parent":0,"menu_order":0,"comment_status":"closed","ping_status":"closed","template":"","meta":{"site-sidebar-layout":"no-sidebar","site-content-layout":"","ast-site-content-layout":"full-width-container","site-content-style":"default","site-sidebar-style":"default","ast-global-header-display":"","ast-banner-title-visibility":"","ast-main-header-display":"","ast-hfb-above-header-display":"","ast-hfb-below-header-display":"","ast-hfb-mobile-header-display":"","site-post-title":"disabled","ast-breadcrumbs-content":"","ast-featured-img":"disabled","footer-sml-layout":"","ast-disable-related-posts":"","theme-transparent-header-meta":"","adv-header-id-meta":"","stick-header-meta":"","header-above-stick-meta":"","header-main-stick-meta":"","header-below-stick-meta":"","astra-migrate-meta-layouts":"default","ast-page-background-enabled":"default","ast-page-background-meta":{"desktop":{"background-color":"var(--ast-global-color-4)","background-image":"","background-repeat":"repeat","background-position":"center center","background-size":"auto","background-attachment":"scroll","background-type":"","background-media":"","overlay-type":"","overlay-color":"","overlay-opacity":"","overlay-gradient":""},"tablet":{"background-color":"","background-image":"","background-repeat":"repeat","background-position":"center center","background-size":"auto","background-attachment":"scroll","background-type":"","background-media":"","overlay-type":"","overlay-color":"","overlay-opacity":"","overlay-gradient":""},"mobile":{"background-color":"","background-image":"","background-repeat":"repeat","background-position":"center center","background-size":"auto","background-attachment":"scroll","background-type":"","background-media":"","overlay-type":"","overlay-color":"","overlay-opacity":"","overlay-gradient":""}},"ast-content-background-meta":{"desktop":{"background-color":"var(--ast-global-color-5)","background-image":"","background-repeat":"repeat","background-position":"center center","background-size":"auto","background-attachment":"scroll","background-type":"","background-media":"","overlay-type":"","overlay-color":"","overlay-opacity":"","overlay-gradient":""},"tablet":{"background-color":"var(--ast-global-color-5)","background-image":"","background-repeat":"repeat","background-position":"center center","background-size":"auto","background-attachment":"scroll","background-type":"","background-media":"","overlay-type":"","overlay-color":"","overlay-opacity":"","overlay-gradient":""},"mobile":{"background-color":"var(--ast-global-color-5)","background-image":"","background-repeat":"repeat","background-position":"center center","background-size":"auto","background-attachment":"scroll","background-type":"","background-media":"","overlay-type":"","overlay-color":"","overlay-opacity":"","overlay-gradient":""}},"footnotes":""},"class_list":["post-252","page","type-page","status-publish","hentry"],"aioseo_notices":[],"_links":{"self":[{"href":"https:\/\/yessalguieditions.com\/index.php?rest_route=\/wp\/v2\/pages\/252","targetHints":{"allow":["GET"]}}],"collection":[{"href":"https:\/\/yessalguieditions.com\/index.php?rest_route=\/wp\/v2\/pages"}],"about":[{"href":"https:\/\/yessalguieditions.com\/index.php?rest_route=\/wp\/v2\/types\/page"}],"author":[{"embeddable":true,"href":"https:\/\/yessalguieditions.com\/index.php?rest_route=\/wp\/v2\/users\/1"}],"replies":[{"embeddable":true,"href":"https:\/\/yessalguieditions.com\/index.php?rest_route=%2Fwp%2Fv2%2Fcomments&post=252"}],"version-history":[{"count":94,"href":"https:\/\/yessalguieditions.com\/index.php?rest_route=\/wp\/v2\/pages\/252\/revisions"}],"predecessor-version":[{"id":2844,"href":"https:\/\/yessalguieditions.com\/index.php?rest_route=\/wp\/v2\/pages\/252\/revisions\/2844"}],"wp:attachment":[{"href":"https:\/\/yessalguieditions.com\/index.php?rest_route=%2Fwp%2Fv2%2Fmedia&parent=252"}],"curies":[{"name":"wp","href":"https:\/\/api.w.org\/{rel}","templated":true}]}}