{"id":2544,"date":"2025-01-06T14:21:55","date_gmt":"2025-01-06T13:21:55","guid":{"rendered":"https:\/\/yessalguieditions.com\/?page_id=2544"},"modified":"2025-01-06T14:47:28","modified_gmt":"2025-01-06T13:47:28","slug":"blog-yessalgui-editions-2","status":"publish","type":"page","link":"https:\/\/yessalguieditions.com\/?page_id=2544","title":{"rendered":"Blog Yessalgui Editions"},"content":{"rendered":"\t\t<div data-elementor-type=\"wp-page\" data-elementor-id=\"2544\" class=\"elementor elementor-2544\">\n\t\t\t\t<div class=\"elementor-element elementor-element-4ed0079 e-flex e-con-boxed wpr-particle-no wpr-jarallax-no wpr-parallax-no wpr-sticky-section-no e-con e-parent\" data-id=\"4ed0079\" data-element_type=\"container\" data-e-type=\"container\">\n\t\t\t\t\t<div class=\"e-con-inner\">\n\t\t<div class=\"elementor-element elementor-element-57401b5 e-con-full e-flex wpr-particle-no wpr-jarallax-no wpr-parallax-no wpr-sticky-section-no e-con e-child\" data-id=\"57401b5\" data-element_type=\"container\" data-e-type=\"container\">\n\t\t<div class=\"elementor-element elementor-element-2711ba0 e-grid e-con-full wpr-particle-no wpr-jarallax-no wpr-parallax-no wpr-sticky-section-no e-con e-child\" data-id=\"2711ba0\" data-element_type=\"container\" data-e-type=\"container\">\n\t\t\t\t<div class=\"elementor-element elementor-element-30bea9d hfe-search-layout-icon_text elementor-widget elementor-widget-hfe-search-button\" data-id=\"30bea9d\" data-element_type=\"widget\" data-e-type=\"widget\" data-settings=\"{&quot;size&quot;:{&quot;unit&quot;:&quot;px&quot;,&quot;size&quot;:20,&quot;sizes&quot;:[]},&quot;size_widescreen&quot;:{&quot;unit&quot;:&quot;px&quot;,&quot;size&quot;:&quot;&quot;,&quot;sizes&quot;:[]},&quot;size_laptop&quot;:{&quot;unit&quot;:&quot;px&quot;,&quot;size&quot;:&quot;&quot;,&quot;sizes&quot;:[]},&quot;size_tablet_extra&quot;:{&quot;unit&quot;:&quot;px&quot;,&quot;size&quot;:&quot;&quot;,&quot;sizes&quot;:[]},&quot;size_tablet&quot;:{&quot;unit&quot;:&quot;px&quot;,&quot;size&quot;:&quot;&quot;,&quot;sizes&quot;:[]},&quot;size_mobile_extra&quot;:{&quot;unit&quot;:&quot;px&quot;,&quot;size&quot;:&quot;&quot;,&quot;sizes&quot;:[]},&quot;size_mobile&quot;:{&quot;unit&quot;:&quot;px&quot;,&quot;size&quot;:&quot;&quot;,&quot;sizes&quot;:[]},&quot;icon_size&quot;:{&quot;unit&quot;:&quot;px&quot;,&quot;size&quot;:&quot;16&quot;,&quot;sizes&quot;:[]},&quot;icon_size_widescreen&quot;:{&quot;unit&quot;:&quot;px&quot;,&quot;size&quot;:&quot;&quot;,&quot;sizes&quot;:[]},&quot;icon_size_laptop&quot;:{&quot;unit&quot;:&quot;px&quot;,&quot;size&quot;:&quot;&quot;,&quot;sizes&quot;:[]},&quot;icon_size_tablet_extra&quot;:{&quot;unit&quot;:&quot;px&quot;,&quot;size&quot;:&quot;&quot;,&quot;sizes&quot;:[]},&quot;icon_size_tablet&quot;:{&quot;unit&quot;:&quot;px&quot;,&quot;size&quot;:&quot;&quot;,&quot;sizes&quot;:[]},&quot;icon_size_mobile_extra&quot;:{&quot;unit&quot;:&quot;px&quot;,&quot;size&quot;:&quot;&quot;,&quot;sizes&quot;:[]},&quot;icon_size_mobile&quot;:{&quot;unit&quot;:&quot;px&quot;,&quot;size&quot;:&quot;&quot;,&quot;sizes&quot;:[]},&quot;button_width&quot;:{&quot;unit&quot;:&quot;px&quot;,&quot;size&quot;:&quot;&quot;,&quot;sizes&quot;:[]},&quot;button_width_widescreen&quot;:{&quot;unit&quot;:&quot;px&quot;,&quot;size&quot;:&quot;&quot;,&quot;sizes&quot;:[]},&quot;button_width_laptop&quot;:{&quot;unit&quot;:&quot;px&quot;,&quot;size&quot;:&quot;&quot;,&quot;sizes&quot;:[]},&quot;button_width_tablet_extra&quot;:{&quot;unit&quot;:&quot;px&quot;,&quot;size&quot;:&quot;&quot;,&quot;sizes&quot;:[]},&quot;button_width_tablet&quot;:{&quot;unit&quot;:&quot;px&quot;,&quot;size&quot;:&quot;&quot;,&quot;sizes&quot;:[]},&quot;button_width_mobile_extra&quot;:{&quot;unit&quot;:&quot;px&quot;,&quot;size&quot;:&quot;&quot;,&quot;sizes&quot;:[]},&quot;button_width_mobile&quot;:{&quot;unit&quot;:&quot;px&quot;,&quot;size&quot;:&quot;&quot;,&quot;sizes&quot;:[]},&quot;close_icon_size&quot;:{&quot;unit&quot;:&quot;px&quot;,&quot;size&quot;:&quot;20&quot;,&quot;sizes&quot;:[]},&quot;close_icon_size_widescreen&quot;:{&quot;unit&quot;:&quot;px&quot;,&quot;size&quot;:&quot;&quot;,&quot;sizes&quot;:[]},&quot;close_icon_size_laptop&quot;:{&quot;unit&quot;:&quot;px&quot;,&quot;size&quot;:&quot;&quot;,&quot;sizes&quot;:[]},&quot;close_icon_size_tablet_extra&quot;:{&quot;unit&quot;:&quot;px&quot;,&quot;size&quot;:&quot;&quot;,&quot;sizes&quot;:[]},&quot;close_icon_size_tablet&quot;:{&quot;unit&quot;:&quot;px&quot;,&quot;size&quot;:&quot;&quot;,&quot;sizes&quot;:[]},&quot;close_icon_size_mobile_extra&quot;:{&quot;unit&quot;:&quot;px&quot;,&quot;size&quot;:&quot;&quot;,&quot;sizes&quot;:[]},&quot;close_icon_size_mobile&quot;:{&quot;unit&quot;:&quot;px&quot;,&quot;size&quot;:&quot;&quot;,&quot;sizes&quot;:[]}}\" data-widget_type=\"hfe-search-button.default\">\n\t\t\t\t<div class=\"elementor-widget-container\">\n\t\t\t\t\t\t\t<form class=\"hfe-search-button-wrapper\" role=\"search\" action=\"https:\/\/yessalguieditions.com\/\" method=\"get\">\n\n\t\t\t\t\t\t<div class=\"hfe-search-form__container\" role=\"tablist\">\n\t\t\t\t\t\t\t\t\t<input placeholder=\"mot(s) cl\u00e9(s), article(s)...\" class=\"hfe-search-form__input\" type=\"search\" name=\"s\" title=\"Recherche\" value=\"\">\n\t\t\t\t\t<button id=\"clear-with-button\" type=\"reset\">\n\t\t\t\t\t\t<i class=\"fas fa-times\" aria-hidden=\"true\"><\/i>\n\t\t\t\t\t<\/button>\n\t\t\t\t\t<button class=\"hfe-search-submit\" type=\"submit\">\n\t\t\t\t\t\t<i class=\"fas fa-search\" aria-hidden=\"true\"><\/i>\n\t\t\t\t\t<\/button>\n\t\t\t\t\t\t\t<\/div>\n\t\t\t\t<\/form>\n\t\t\t\t\t\t<\/div>\n\t\t\t\t<\/div>\n\t\t\t\t<div class=\"elementor-element elementor-element-6e466c8 elementor-widget elementor-widget-heading\" data-id=\"6e466c8\" data-element_type=\"widget\" data-e-type=\"widget\" data-widget_type=\"heading.default\">\n\t\t\t\t<div class=\"elementor-widget-container\">\n\t\t\t\t\t<h2 class=\"elementor-heading-title elementor-size-default\">Articles r\u00e9cents<\/h2>\t\t\t\t<\/div>\n\t\t\t\t<\/div>\n\t\t\t\t<div class=\"elementor-element elementor-element-786e5e2 elementor-widget elementor-widget-elementskit-post-list\" data-id=\"786e5e2\" data-element_type=\"widget\" data-e-type=\"widget\" data-widget_type=\"elementskit-post-list.default\">\n\t\t\t\t<div class=\"elementor-widget-container\">\n\t\t\t\t\t<div class=\"ekit-wid-con\" >\t\t<ul class=\"elementor-icon-list-items ekit-post-list-wrapper \">\n\t\t\t\t\t\t<li class=\"elementor-icon-list-item   \">\n\t\t\t\t<a href=\"https:\/\/yessalguieditions.com\/?p=2923\" >\n\t\t\t\t\t\t\t\t\t\t\t\t\t<span class=\"elementor-icon-list-icon\">\n\t\t\t\t\t\t\t\t\t\t\t\t\t\t\t\t\t<\/span>\n\t\t\t\t\t\t\t\t\t\t\t\t<div class=\"ekit_post_list_content_wraper\">\n\t\t\t\t\t\t\n\t\t\t\t\t\t<span class=\"elementor-icon-list-text\">D\u00e9dicace de Mame Bousso THIAM au Salon du Livre Africain de Paris<\/span>\n\n\t\t\t\t\t\t\t\t\t\t\t<\/div>\n\t\t\t\t<\/a>\n\t\t\t<\/li>\n\t\t\t\t\t<li class=\"elementor-icon-list-item   \">\n\t\t\t\t<a href=\"https:\/\/yessalguieditions.com\/?p=2904\" >\n\t\t\t\t\t\t\t\t\t\t\t\t\t<span class=\"elementor-icon-list-icon\">\n\t\t\t\t\t\t\t\t\t\t\t\t\t\t\t\t\t<\/span>\n\t\t\t\t\t\t\t\t\t\t\t\t<div class=\"ekit_post_list_content_wraper\">\n\t\t\t\t\t\t\n\t\t\t\t\t\t<span class=\"elementor-icon-list-text\">La victoire du S\u00e9n\u00e9gal : quand l\u2019obstacle devient le chemin.<\/span>\n\n\t\t\t\t\t\t\t\t\t\t\t<\/div>\n\t\t\t\t<\/a>\n\t\t\t<\/li>\n\t\t\t\t\t<li class=\"elementor-icon-list-item   \">\n\t\t\t\t<a href=\"https:\/\/yessalguieditions.com\/?p=2882\" >\n\t\t\t\t\t\t\t\t\t\t\t\t\t<span class=\"elementor-icon-list-icon\">\n\t\t\t\t\t\t\t\t\t\t\t\t\t\t\t\t\t<\/span>\n\t\t\t\t\t\t\t\t\t\t\t\t<div class=\"ekit_post_list_content_wraper\">\n\t\t\t\t\t\t\n\t\t\t\t\t\t<span class=\"elementor-icon-list-text\">Hommage \u00e0 Sokhna A\u00efda Saliou : une fid\u00e9lit\u00e9 in\u00e9branlable<\/span>\n\n\t\t\t\t\t\t\t\t\t\t\t<\/div>\n\t\t\t\t<\/a>\n\t\t\t<\/li>\n\t\t\t\t\t<li class=\"elementor-icon-list-item   \">\n\t\t\t\t<a href=\"https:\/\/yessalguieditions.com\/?p=77\" >\n\t\t\t\t\t\t\t\t\t\t\t\t\t<span class=\"elementor-icon-list-icon\">\n\t\t\t\t\t\t\t\t\t\t\t\t\t\t\t\t\t<\/span>\n\t\t\t\t\t\t\t\t\t\t\t\t<div class=\"ekit_post_list_content_wraper\">\n\t\t\t\t\t\t\n\t\t\t\t\t\t<span class=\"elementor-icon-list-text\">Le Thiant : Une cl\u00e9 universelle pour \u00e9duquer et inspirer<\/span>\n\n\t\t\t\t\t\t\t\t\t\t\t<\/div>\n\t\t\t\t<\/a>\n\t\t\t<\/li>\n\t\t\t\t<\/ul>\n\t\t<\/div>\t\t\t\t<\/div>\n\t\t\t\t<\/div>\n\t\t\t\t<div class=\"elementor-element elementor-element-6f80419 elementor-widget elementor-widget-heading\" data-id=\"6f80419\" data-element_type=\"widget\" data-e-type=\"widget\" data-widget_type=\"heading.default\">\n\t\t\t\t<div class=\"elementor-widget-container\">\n\t\t\t\t\t<h2 class=\"elementor-heading-title elementor-size-default\">Commentaires r\u00e9cents<\/h2>\t\t\t\t<\/div>\n\t\t\t\t<\/div>\n\t\t\t\t<\/div>\n\t\t\t\t<div class=\"elementor-element elementor-element-54cbe5e elementor-widget elementor-widget-heading\" data-id=\"54cbe5e\" data-element_type=\"widget\" data-e-type=\"widget\" data-widget_type=\"heading.default\">\n\t\t\t\t<div class=\"elementor-widget-container\">\n\t\t\t\t\t<h2 class=\"elementor-heading-title elementor-size-default\">Cat\u00e9gories<\/h2>\t\t\t\t<\/div>\n\t\t\t\t<\/div>\n\t\t\t\t<div class=\"elementor-element elementor-element-51ed569 elementor-widget elementor-widget-elementskit-category-list\" data-id=\"51ed569\" data-element_type=\"widget\" data-e-type=\"widget\" data-widget_type=\"elementskit-category-list.default\">\n\t\t\t\t<div class=\"elementor-widget-container\">\n\t\t\t\t\t<div class=\"ekit-wid-con\" >\t\t<ul class=\"elementor-icon-list-items\">\n\t\t\t\t\t\t\t<li class=\"elementor-icon-list-item\">\n\t\t\t\t\t<a href=\"https:\/\/yessalguieditions.com\/?cat=1\" >\n                                                    <span class=\"elementor-icon-list-icon\">\n\t\t\t\t\t\t\t\t<svg aria-hidden=\"true\" class=\"e-font-icon-svg e-fas-check\" viewBox=\"0 0 512 512\" xmlns=\"http:\/\/www.w3.org\/2000\/svg\"><path d=\"M173.898 439.404l-166.4-166.4c-9.997-9.997-9.997-26.206 0-36.204l36.203-36.204c9.997-9.998 26.207-9.998 36.204 0L192 312.69 432.095 72.596c9.997-9.997 26.207-9.997 36.204 0l36.203 36.204c9.997 9.997 9.997 26.206 0 36.204l-294.4 294.401c-9.998 9.997-26.207 9.997-36.204-.001z\"><\/path><\/svg>                            <\/span>\n                                                <span class=\"elementor-icon-list-text\">Nos publications<\/span>\n\t\t\t\t\t<\/a>\n\t\t\t\t<\/li>\n\t\t\t\t\t\t<\/ul>\n\t\t<\/div>\t\t\t\t<\/div>\n\t\t\t\t<\/div>\n\t\t\t\t<\/div>\n\t\t<div class=\"elementor-element elementor-element-332169a e-con-full e-flex wpr-particle-no wpr-jarallax-no wpr-parallax-no wpr-sticky-section-no e-con e-child\" data-id=\"332169a\" data-element_type=\"container\" data-e-type=\"container\">\n\t\t<div class=\"elementor-element elementor-element-c6ea293 e-con-full e-flex wpr-particle-no wpr-jarallax-no wpr-parallax-no wpr-sticky-section-no e-con e-child\" data-id=\"c6ea293\" data-element_type=\"container\" data-e-type=\"container\">\n\t\t\t\t<div class=\"elementor-element elementor-element-d9d4f13 elementor-widget elementor-widget-wpr-magazine-grid\" data-id=\"d9d4f13\" data-element_type=\"widget\" data-e-type=\"widget\" data-widget_type=\"wpr-magazine-grid.default\">\n\t\t\t\t<div class=\"elementor-widget-container\">\n\t\t\t\t\t<div class=\"wpr-magazine-grid-wrap\"  data-slide-effect=\"\"><section class=\"wpr-magazine-grid wpr-mgzn-grid-1-1-3 wpr-mgzn-grid-rows-1\"><article class=\"wpr-mgzn-grid-item elementor-clearfix post-2923 post type-post status-publish format-standard hentry category-nos-publications\"><div class=\"wpr-grid-item-inner\"><div class=\"wpr-grid-media-wrap\" data-overlay-link=\"yes\"><div class=\"wpr-grid-media-hover wpr-animation-wrap\"><div class=\"wpr-grid-media-hover-bg  wpr-overlay-fade-out wpr-anim-size-medium wpr-anim-timing-ease-default wpr-anim-transparency\" data-url=\"https:\/\/yessalguieditions.com\/?p=2923\"><\/div><div class=\"wpr-grid-media-hover-bottom elementor-clearfix\"><div class=\"wpr-grid-item-category elementor-repeater-item-806fc78 wpr-grid-item-display-block wpr-grid-item-align-left wpr-pointer-none wpr-pointer-line-fx wpr-pointer-fx-fade wpr-grid-tax-style-1\"><div class=\"inner-block\"><a class=\" wpr-tax-id-1\" href=\"https:\/\/yessalguieditions.com\/?cat=1\">Nos publications<\/a><\/div><\/div><h2 class=\"wpr-grid-item-title elementor-repeater-item-0a34c69 wpr-grid-item-display-block wpr-grid-item-align-left wpr-pointer-none wpr-pointer-line-fx wpr-pointer-fx-fade\"><div class=\"inner-block\"><a  target=\"_self\"  href=\"https:\/\/yessalguieditions.com\/?p=2923\">D\u00e9dicace de Mame Bousso THIAM au Salon du Livre Africain de Paris<\/a><\/div><\/h2><div class=\"wpr-grid-item-author elementor-repeater-item-d2dd53e wpr-grid-item-display-inline wpr-grid-item-align-left\"><div class=\"inner-block\"><a href=\"https:\/\/yessalguieditions.com\/?author=1\"><span>Yessalgui Editions<\/span><\/a><\/div><\/div><div class=\"wpr-grid-item-separator elementor-repeater-item-190bc19 wpr-grid-item-display-inline wpr-grid-item-align-left wpr-grid-sep-style-1\"><div class=\"inner-block\"><span><\/span><\/div><\/div><div class=\"wpr-grid-item-date elementor-repeater-item-433c7df wpr-grid-item-display-inline wpr-grid-item-align-left\"><div class=\"inner-block\"><span>19 mars 2026<\/span><\/div><\/div><\/div><\/div><\/div><\/div><\/article><article class=\"wpr-mgzn-grid-item elementor-clearfix post-2904 post type-post status-publish format-standard hentry category-spiritualite-et-societe\"><div class=\"wpr-grid-item-inner\"><div class=\"wpr-grid-media-wrap\" data-overlay-link=\"yes\"><div class=\"wpr-grid-media-hover wpr-animation-wrap\"><div class=\"wpr-grid-media-hover-bg  wpr-overlay-fade-out wpr-anim-size-medium wpr-anim-timing-ease-default wpr-anim-transparency\" data-url=\"https:\/\/yessalguieditions.com\/?p=2904\"><\/div><div class=\"wpr-grid-media-hover-bottom elementor-clearfix\"><div class=\"wpr-grid-item-category elementor-repeater-item-806fc78 wpr-grid-item-display-block wpr-grid-item-align-left wpr-pointer-none wpr-pointer-line-fx wpr-pointer-fx-fade wpr-grid-tax-style-1\"><div class=\"inner-block\"><a class=\" wpr-tax-id-98\" href=\"https:\/\/yessalguieditions.com\/?cat=98\">Spiritualit\u00e9 et soci\u00e9t\u00e9<\/a><\/div><\/div><h2 class=\"wpr-grid-item-title elementor-repeater-item-0a34c69 wpr-grid-item-display-block wpr-grid-item-align-left wpr-pointer-none wpr-pointer-line-fx wpr-pointer-fx-fade\"><div class=\"inner-block\"><a  target=\"_self\"  href=\"https:\/\/yessalguieditions.com\/?p=2904\">La victoire du S\u00e9n\u00e9gal : quand l\u2019obstacle devient le chemin.<\/a><\/div><\/h2><div class=\"wpr-grid-item-author elementor-repeater-item-d2dd53e wpr-grid-item-display-inline wpr-grid-item-align-left\"><div class=\"inner-block\"><a href=\"https:\/\/yessalguieditions.com\/?author=2\"><span>Yessalgui EDITIONS<\/span><\/a><\/div><\/div><div class=\"wpr-grid-item-separator elementor-repeater-item-190bc19 wpr-grid-item-display-inline wpr-grid-item-align-left wpr-grid-sep-style-1\"><div class=\"inner-block\"><span><\/span><\/div><\/div><div class=\"wpr-grid-item-date elementor-repeater-item-433c7df wpr-grid-item-display-inline wpr-grid-item-align-left\"><div class=\"inner-block\"><span>20 janvier 2026<\/span><\/div><\/div><\/div><\/div><\/div><\/div><\/article><article class=\"wpr-mgzn-grid-item elementor-clearfix post-2882 post type-post status-publish format-standard hentry category-actualites category-figures-inspirantes\"><div class=\"wpr-grid-item-inner\"><div class=\"wpr-grid-media-wrap\" data-overlay-link=\"yes\"><div class=\"wpr-grid-media-hover wpr-animation-wrap\"><div class=\"wpr-grid-media-hover-bg  wpr-overlay-fade-out wpr-anim-size-medium wpr-anim-timing-ease-default wpr-anim-transparency\" data-url=\"https:\/\/yessalguieditions.com\/?p=2882\"><\/div><div class=\"wpr-grid-media-hover-bottom elementor-clearfix\"><div class=\"wpr-grid-item-category elementor-repeater-item-806fc78 wpr-grid-item-display-block wpr-grid-item-align-left wpr-pointer-none wpr-pointer-line-fx wpr-pointer-fx-fade wpr-grid-tax-style-1\"><div class=\"inner-block\"><a class=\" wpr-tax-id-97\" href=\"https:\/\/yessalguieditions.com\/?cat=97\">Actualit\u00e9s<span class=\"tax-sep\">, <\/span><\/a><a class=\" wpr-tax-id-96\" href=\"https:\/\/yessalguieditions.com\/?cat=96\">Figures inspirantes<\/a><\/div><\/div><h2 class=\"wpr-grid-item-title elementor-repeater-item-0a34c69 wpr-grid-item-display-block wpr-grid-item-align-left wpr-pointer-none wpr-pointer-line-fx wpr-pointer-fx-fade\"><div class=\"inner-block\"><a  target=\"_self\"  href=\"https:\/\/yessalguieditions.com\/?p=2882\">Hommage \u00e0 Sokhna A\u00efda Saliou : une fid\u00e9lit\u00e9 in\u00e9branlable<\/a><\/div><\/h2><div class=\"wpr-grid-item-author elementor-repeater-item-d2dd53e wpr-grid-item-display-inline wpr-grid-item-align-left\"><div class=\"inner-block\"><a href=\"https:\/\/yessalguieditions.com\/?author=1\"><span>Yessalgui Editions<\/span><\/a><\/div><\/div><div class=\"wpr-grid-item-separator elementor-repeater-item-190bc19 wpr-grid-item-display-inline wpr-grid-item-align-left wpr-grid-sep-style-1\"><div class=\"inner-block\"><span><\/span><\/div><\/div><div class=\"wpr-grid-item-date elementor-repeater-item-433c7df wpr-grid-item-display-inline wpr-grid-item-align-left\"><div class=\"inner-block\"><span>23 avril 2025<\/span><\/div><\/div><\/div><\/div><\/div><\/div><\/article><article class=\"wpr-mgzn-grid-item elementor-clearfix post-77 post type-post status-publish format-standard hentry category-nos-publications\"><div class=\"wpr-grid-item-inner\"><div class=\"wpr-grid-media-wrap\" data-overlay-link=\"yes\"><div class=\"wpr-grid-media-hover wpr-animation-wrap\"><div class=\"wpr-grid-media-hover-bg  wpr-overlay-fade-out wpr-anim-size-medium wpr-anim-timing-ease-default wpr-anim-transparency\" data-url=\"https:\/\/yessalguieditions.com\/?p=77\"><\/div><div class=\"wpr-grid-media-hover-bottom elementor-clearfix\"><div class=\"wpr-grid-item-category elementor-repeater-item-806fc78 wpr-grid-item-display-block wpr-grid-item-align-left wpr-pointer-none wpr-pointer-line-fx wpr-pointer-fx-fade wpr-grid-tax-style-1\"><div class=\"inner-block\"><a class=\" wpr-tax-id-1\" href=\"https:\/\/yessalguieditions.com\/?cat=1\">Nos publications<\/a><\/div><\/div><h2 class=\"wpr-grid-item-title elementor-repeater-item-0a34c69 wpr-grid-item-display-block wpr-grid-item-align-left wpr-pointer-none wpr-pointer-line-fx wpr-pointer-fx-fade\"><div class=\"inner-block\"><a  target=\"_self\"  href=\"https:\/\/yessalguieditions.com\/?p=77\">Le Thiant : Une cl\u00e9 universelle pour \u00e9duquer et inspirer<\/a><\/div><\/h2><div class=\"wpr-grid-item-author elementor-repeater-item-d2dd53e wpr-grid-item-display-inline wpr-grid-item-align-left\"><div class=\"inner-block\"><a href=\"https:\/\/yessalguieditions.com\/?author=2\"><span>Yessalgui EDITIONS<\/span><\/a><\/div><\/div><div class=\"wpr-grid-item-separator elementor-repeater-item-190bc19 wpr-grid-item-display-inline wpr-grid-item-align-left wpr-grid-sep-style-1\"><div class=\"inner-block\"><span><\/span><\/div><\/div><div class=\"wpr-grid-item-date elementor-repeater-item-433c7df wpr-grid-item-display-inline wpr-grid-item-align-left\"><div class=\"inner-block\"><span>16 novembre 2024<\/span><\/div><\/div><\/div><\/div><\/div><\/div><\/article><\/section><\/div>\t\t\t\t<\/div>\n\t\t\t\t<\/div>\n\t\t\t\t<\/div>\n\t\t\t\t<\/div>\n\t\t\t\t\t<\/div>\n\t\t\t\t<\/div>\n\t\t\t\t<\/div>\n\t\t","protected":false},"excerpt":{"rendered":"<p>Articles r\u00e9cents TITRE ARTICLE TITRE ARTICLE TITRE ARTICLE Commentaires r\u00e9cents Cat\u00e9gories Non class\u00e9 Non class\u00e9 TITRE ARTICLE Artizlabs16 novembre 2024 Non class\u00e9 TITRE ARTICLE Artizlabs16 novembre 2024 Non class\u00e9 TITRE ARTICLE Artizlabs16 novembre 2024<\/p>\n","protected":false},"author":1,"featured_media":0,"parent":0,"menu_order":0,"comment_status":"closed","ping_status":"closed","template":"","meta":{"site-sidebar-layout":"no-sidebar","site-content-layout":"","ast-site-content-layout":"full-width-container","site-content-style":"default","site-sidebar-style":"default","ast-global-header-display":"","ast-banner-title-visibility":"","ast-main-header-display":"","ast-hfb-above-header-display":"","ast-hfb-below-header-display":"","ast-hfb-mobile-header-display":"","site-post-title":"disabled","ast-breadcrumbs-content":"","ast-featured-img":"disabled","footer-sml-layout":"","ast-disable-related-posts":"","theme-transparent-header-meta":"","adv-header-id-meta":"","stick-header-meta":"","header-above-stick-meta":"","header-main-stick-meta":"","header-below-stick-meta":"","astra-migrate-meta-layouts":"default","ast-page-background-enabled":"default","ast-page-background-meta":{"desktop":{"background-color":"var(--ast-global-color-4)","background-image":"","background-repeat":"repeat","background-position":"center center","background-size":"auto","background-attachment":"scroll","background-type":"","background-media":"","overlay-type":"","overlay-color":"","overlay-opacity":"","overlay-gradient":""},"tablet":{"background-color":"","background-image":"","background-repeat":"repeat","background-position":"center center","background-size":"auto","background-attachment":"scroll","background-type":"","background-media":"","overlay-type":"","overlay-color":"","overlay-opacity":"","overlay-gradient":""},"mobile":{"background-color":"","background-image":"","background-repeat":"repeat","background-position":"center center","background-size":"auto","background-attachment":"scroll","background-type":"","background-media":"","overlay-type":"","overlay-color":"","overlay-opacity":"","overlay-gradient":""}},"ast-content-background-meta":{"desktop":{"background-color":"var(--ast-global-color-5)","background-image":"","background-repeat":"repeat","background-position":"center center","background-size":"auto","background-attachment":"scroll","background-type":"","background-media":"","overlay-type":"","overlay-color":"","overlay-opacity":"","overlay-gradient":""},"tablet":{"background-color":"var(--ast-global-color-5)","background-image":"","background-repeat":"repeat","background-position":"center center","background-size":"auto","background-attachment":"scroll","background-type":"","background-media":"","overlay-type":"","overlay-color":"","overlay-opacity":"","overlay-gradient":""},"mobile":{"background-color":"var(--ast-global-color-5)","background-image":"","background-repeat":"repeat","background-position":"center center","background-size":"auto","background-attachment":"scroll","background-type":"","background-media":"","overlay-type":"","overlay-color":"","overlay-opacity":"","overlay-gradient":""}},"footnotes":""},"class_list":["post-2544","page","type-page","status-publish","hentry"],"aioseo_notices":[],"_links":{"self":[{"href":"https:\/\/yessalguieditions.com\/index.php?rest_route=\/wp\/v2\/pages\/2544","targetHints":{"allow":["GET"]}}],"collection":[{"href":"https:\/\/yessalguieditions.com\/index.php?rest_route=\/wp\/v2\/pages"}],"about":[{"href":"https:\/\/yessalguieditions.com\/index.php?rest_route=\/wp\/v2\/types\/page"}],"author":[{"embeddable":true,"href":"https:\/\/yessalguieditions.com\/index.php?rest_route=\/wp\/v2\/users\/1"}],"replies":[{"embeddable":true,"href":"https:\/\/yessalguieditions.com\/index.php?rest_route=%2Fwp%2Fv2%2Fcomments&post=2544"}],"version-history":[{"count":13,"href":"https:\/\/yessalguieditions.com\/index.php?rest_route=\/wp\/v2\/pages\/2544\/revisions"}],"predecessor-version":[{"id":2558,"href":"https:\/\/yessalguieditions.com\/index.php?rest_route=\/wp\/v2\/pages\/2544\/revisions\/2558"}],"wp:attachment":[{"href":"https:\/\/yessalguieditions.com\/index.php?rest_route=%2Fwp%2Fv2%2Fmedia&parent=2544"}],"curies":[{"name":"wp","href":"https:\/\/api.w.org\/{rel}","templated":true}]}}